{"id":2387,"date":"2022-06-23T00:14:30","date_gmt":"2022-06-22T22:14:30","guid":{"rendered":"https:\/\/daritrane.com\/?page_id=2387"},"modified":"2023-04-04T03:16:17","modified_gmt":"2023-04-04T01:16:17","slug":"mentions-legales","status":"publish","type":"page","link":"https:\/\/daritrane.com\/en\/mentions-legales\/","title":{"rendered":"Mentions l\u00e9gales"},"content":{"rendered":"<p>Le petit d\u00e9jeuner et la taxe de s\u00e9jour sont inclus :<\/p>\n<figure class=\"wp-block-table is-style-stripes\">\n<table>\n<tbody>\n<tr>\n<td>CAT\u00c9GORIES<\/td>\n<td>RESTE DE L\u2019ANNEE<\/td>\n<td>HAUTE SAISON<\/td>\n<\/tr>\n<tr>\n<td>Chambre Standard<\/td>\n<td>700 MAD<\/td>\n<td>850 MAD<\/td>\n<\/tr>\n<tr>\n<td>Chambres Confort (Triple)<\/td>\n<td>950 MAD<\/td>\n<td>1 000 MAD<\/td>\n<\/tr>\n<tr>\n<td>Suite familiale<\/td>\n<td>1050 MAD<\/td>\n<td>1 200 MAD<\/td>\n<\/tr>\n<tr>\n<td>Suppl\u00e9ment single<\/td>\n<td>150 MAD<\/td>\n<td>200 MAD<\/td>\n<\/tr>\n<tr>\n<td>Enfant partageant la chbre parents -2 ans(1enf famille)<\/td>\n<td>Gratuit<\/td>\n<td>Gratuit<\/td>\n<\/tr>\n<tr>\n<td>Enfant de 2 -12 ans 50%<\/td>\n<td>150,00<\/td>\n<td>200,00<\/td>\n<\/tr>\n<\/tbody>\n<\/table><figcaption><\/figcaption><\/figure>\n<p><strong>DATES DES DIFF\u00c9RENTES SAISONS<\/strong><\/p>\n<figure class=\"wp-block-table\">\n<table>\n<tbody>\n<tr>\n<td>Reste de l\u2019ann\u00e9e du 16\/05\/21 au 04\/03\/23<\/td>\n<\/tr>\n<tr>\n<td>Haute saison du 05\/03\/22 au 23\/05\/23<\/td>\n<\/tr>\n<\/tbody>\n<\/table><figcaption><\/figcaption><\/figure>\n<p>&nbsp;<\/p>\n<p><strong>CONDITIONS DE R\u00c8GLEMENT<\/strong><\/p>\n<p><strong>Conditions G\u00e9n\u00e9rales et Annulations<\/strong><\/p>\n<p>Acompte \u00e0 la r\u00e9servation&nbsp;: 30% du montant des nuit\u00e9es<\/p>\n<p>En cas d\u2019annulation, la somme \u00e0 payer est calcul\u00e9e comme suit&nbsp;:<\/p>\n<ul>\n<li>A plus de 30 jours de l\u2019arriv\u00e9e&nbsp;: encaissement de l\u2019acompte de 30%<\/li>\n<li>Entre 30 et 15 jours avant l\u2019arriv\u00e9e&nbsp;: 75% du montant de la r\u00e9servation<\/li>\n<li>A moins de 15 jours de la date d\u2019arriv\u00e9e&nbsp;: 100% du montant de la r\u00e9servation<\/li>\n<\/ul>\n<p><strong>CONDITIONS D\u2019ANNULATION<\/strong><\/p>\n<p><strong>Nos tarifs inclus les taxe de s\u00e9jour et le diner et petit-d\u00e9jeuner<\/strong><\/p>\n<p><strong>Transferts Marrakech \u2013 Ait Bougumez 1000 Mad Base 4 per\/ trajet<br \/>\nAutres activit\u00e9s<\/strong><\/p>\n<p>Randonn\u00e9e \u00e0 la journ\u00e9e 150 Mad base 4 personne<\/p>\n<p>Randonn\u00e9e itin\u00e9rante&nbsp; &nbsp;450 jour par personne en moyen a partir de quatre personne et&nbsp; quartes jours<\/p>","protected":false},"excerpt":{"rendered":"<p>Le petit d\u00e9jeuner et la taxe de s\u00e9jour sont inclus : CAT\u00c9GORIES RESTE DE L\u2019ANNEE HAUTE SAISON Chambre Standard 700 MAD 850 MAD Chambres Confort (Triple) 950 MAD 1 000 MAD Suite familiale 1050 MAD 1 200 MAD Suppl\u00e9ment single 150 MAD 200 MAD Enfant partageant la chbre parents -2 ans(1enf famille) Gratuit Gratuit Enfant [&hellip;]<\/p>\n","protected":false},"author":1,"featured_media":0,"parent":0,"menu_order":0,"comment_status":"closed","ping_status":"closed","template":"","meta":{"inline_featured_image":false,"_monsterinsights_skip_tracking":false,"_monsterinsights_sitenote_active":false,"_monsterinsights_sitenote_note":"","_monsterinsights_sitenote_category":0,"footnotes":""},"class_list":["post-2387","page","type-page","status-publish","hentry"],"yoast_head":"<!-- This site is optimized with the Yoast SEO plugin v27.4 - https:\/\/yoast.com\/product\/yoast-seo-wordpress\/ -->\n<title>Mentions l\u00e9gales - Dar itrane<\/title>\n<meta name=\"robots\" content=\"index, follow, max-snippet:-1, max-image-preview:large, max-video-preview:-1\" \/>\n<link rel=\"canonical\" href=\"https:\/\/daritrane.com\/en\/mentions-legales\/\" \/>\n<meta property=\"og:locale\" content=\"en_US\" \/>\n<meta property=\"og:type\" content=\"article\" \/>\n<meta property=\"og:title\" content=\"Mentions l\u00e9gales - Dar itrane\" \/>\n<meta property=\"og:description\" content=\"Le petit d\u00e9jeuner et la taxe de s\u00e9jour sont inclus : CAT\u00c9GORIES RESTE DE L\u2019ANNEE HAUTE SAISON Chambre Standard 700 MAD 850 MAD Chambres Confort (Triple) 950 MAD 1 000 MAD Suite familiale 1050 MAD 1 200 MAD Suppl\u00e9ment single 150 MAD 200 MAD Enfant partageant la chbre parents -2 ans(1enf famille) Gratuit Gratuit Enfant [&hellip;]\" \/>\n<meta property=\"og:url\" content=\"https:\/\/daritrane.com\/en\/mentions-legales\/\" \/>\n<meta property=\"og:site_name\" content=\"Dar itrane\" \/>\n<meta property=\"article:modified_time\" content=\"2023-04-04T01:16:17+00:00\" \/>\n<meta name=\"twitter:card\" content=\"summary_large_image\" \/>\n<meta name=\"twitter:label1\" content=\"Est. reading time\" \/>\n\t<meta name=\"twitter:data1\" content=\"2 minutes\" \/>\n<script type=\"application\/ld+json\" class=\"yoast-schema-graph\">{\"@context\":\"https:\\\/\\\/schema.org\",\"@graph\":[{\"@type\":\"WebPage\",\"@id\":\"https:\\\/\\\/daritrane.com\\\/mentions-legales\\\/\",\"url\":\"https:\\\/\\\/daritrane.com\\\/mentions-legales\\\/\",\"name\":\"Mentions l\u00e9gales - Dar itrane\",\"isPartOf\":{\"@id\":\"https:\\\/\\\/daritrane.com\\\/#website\"},\"datePublished\":\"2022-06-22T22:14:30+00:00\",\"dateModified\":\"2023-04-04T01:16:17+00:00\",\"breadcrumb\":{\"@id\":\"https:\\\/\\\/daritrane.com\\\/mentions-legales\\\/#breadcrumb\"},\"inLanguage\":\"en-US\",\"potentialAction\":[{\"@type\":\"ReadAction\",\"target\":[\"https:\\\/\\\/daritrane.com\\\/mentions-legales\\\/\"]}]},{\"@type\":\"BreadcrumbList\",\"@id\":\"https:\\\/\\\/daritrane.com\\\/mentions-legales\\\/#breadcrumb\",\"itemListElement\":[{\"@type\":\"ListItem\",\"position\":1,\"name\":\"Accueil\",\"item\":\"https:\\\/\\\/daritrane.com\\\/\"},{\"@type\":\"ListItem\",\"position\":2,\"name\":\"Mentions l\u00e9gales\"}]},{\"@type\":\"WebSite\",\"@id\":\"https:\\\/\\\/daritrane.com\\\/#website\",\"url\":\"https:\\\/\\\/daritrane.com\\\/\",\"name\":\"Dar itrane\",\"description\":\"Un site utilisant WordPress\",\"publisher\":{\"@id\":\"https:\\\/\\\/daritrane.com\\\/#\\\/schema\\\/person\\\/15d38603c3ea1d985d1debc56f8db7f2\"},\"potentialAction\":[{\"@type\":\"SearchAction\",\"target\":{\"@type\":\"EntryPoint\",\"urlTemplate\":\"https:\\\/\\\/daritrane.com\\\/?s={search_term_string}\"},\"query-input\":{\"@type\":\"PropertyValueSpecification\",\"valueRequired\":true,\"valueName\":\"search_term_string\"}}],\"inLanguage\":\"en-US\"},{\"@type\":[\"Person\",\"Organization\"],\"@id\":\"https:\\\/\\\/daritrane.com\\\/#\\\/schema\\\/person\\\/15d38603c3ea1d985d1debc56f8db7f2\",\"name\":\"daritran_admin\",\"image\":{\"@type\":\"ImageObject\",\"inLanguage\":\"en-US\",\"@id\":\"https:\\\/\\\/daritrane.com\\\/wp-content\\\/uploads\\\/2022\\\/06\\\/logo-22-1.svg\",\"url\":\"https:\\\/\\\/daritrane.com\\\/wp-content\\\/uploads\\\/2022\\\/06\\\/logo-22-1.svg\",\"contentUrl\":\"https:\\\/\\\/daritrane.com\\\/wp-content\\\/uploads\\\/2022\\\/06\\\/logo-22-1.svg\",\"width\":\"1024\",\"height\":\"1024\",\"caption\":\"daritran_admin\"},\"logo\":{\"@id\":\"https:\\\/\\\/daritrane.com\\\/wp-content\\\/uploads\\\/2022\\\/06\\\/logo-22-1.svg\"},\"sameAs\":[\"https:\\\/\\\/daritrane.com\"]}]}<\/script>\n<!-- \/ Yoast SEO plugin. -->","yoast_head_json":{"title":"Mentions l\u00e9gales - Dar itrane","robots":{"index":"index","follow":"follow","max-snippet":"max-snippet:-1","max-image-preview":"max-image-preview:large","max-video-preview":"max-video-preview:-1"},"canonical":"https:\/\/daritrane.com\/en\/mentions-legales\/","og_locale":"en_US","og_type":"article","og_title":"Mentions l\u00e9gales - Dar itrane","og_description":"Le petit d\u00e9jeuner et la taxe de s\u00e9jour sont inclus : CAT\u00c9GORIES RESTE DE L\u2019ANNEE HAUTE SAISON Chambre Standard 700 MAD 850 MAD Chambres Confort (Triple) 950 MAD 1 000 MAD Suite familiale 1050 MAD 1 200 MAD Suppl\u00e9ment single 150 MAD 200 MAD Enfant partageant la chbre parents -2 ans(1enf famille) Gratuit Gratuit Enfant [&hellip;]","og_url":"https:\/\/daritrane.com\/en\/mentions-legales\/","og_site_name":"Dar itrane","article_modified_time":"2023-04-04T01:16:17+00:00","twitter_card":"summary_large_image","twitter_misc":{"Est. reading time":"2 minutes"},"schema":{"@context":"https:\/\/schema.org","@graph":[{"@type":"WebPage","@id":"https:\/\/daritrane.com\/mentions-legales\/","url":"https:\/\/daritrane.com\/mentions-legales\/","name":"Mentions l\u00e9gales - Dar itrane","isPartOf":{"@id":"https:\/\/daritrane.com\/#website"},"datePublished":"2022-06-22T22:14:30+00:00","dateModified":"2023-04-04T01:16:17+00:00","breadcrumb":{"@id":"https:\/\/daritrane.com\/mentions-legales\/#breadcrumb"},"inLanguage":"en-US","potentialAction":[{"@type":"ReadAction","target":["https:\/\/daritrane.com\/mentions-legales\/"]}]},{"@type":"BreadcrumbList","@id":"https:\/\/daritrane.com\/mentions-legales\/#breadcrumb","itemListElement":[{"@type":"ListItem","position":1,"name":"Accueil","item":"https:\/\/daritrane.com\/"},{"@type":"ListItem","position":2,"name":"Mentions l\u00e9gales"}]},{"@type":"WebSite","@id":"https:\/\/daritrane.com\/#website","url":"https:\/\/daritrane.com\/","name":"Dar itrane","description":"Un site utilisant WordPress","publisher":{"@id":"https:\/\/daritrane.com\/#\/schema\/person\/15d38603c3ea1d985d1debc56f8db7f2"},"potentialAction":[{"@type":"SearchAction","target":{"@type":"EntryPoint","urlTemplate":"https:\/\/daritrane.com\/?s={search_term_string}"},"query-input":{"@type":"PropertyValueSpecification","valueRequired":true,"valueName":"search_term_string"}}],"inLanguage":"en-US"},{"@type":["Person","Organization"],"@id":"https:\/\/daritrane.com\/#\/schema\/person\/15d38603c3ea1d985d1debc56f8db7f2","name":"daritran_admin","image":{"@type":"ImageObject","inLanguage":"en-US","@id":"https:\/\/daritrane.com\/wp-content\/uploads\/2022\/06\/logo-22-1.svg","url":"https:\/\/daritrane.com\/wp-content\/uploads\/2022\/06\/logo-22-1.svg","contentUrl":"https:\/\/daritrane.com\/wp-content\/uploads\/2022\/06\/logo-22-1.svg","width":"1024","height":"1024","caption":"daritran_admin"},"logo":{"@id":"https:\/\/daritrane.com\/wp-content\/uploads\/2022\/06\/logo-22-1.svg"},"sameAs":["https:\/\/daritrane.com"]}]}},"_links":{"self":[{"href":"https:\/\/daritrane.com\/en\/wp-json\/wp\/v2\/pages\/2387","targetHints":{"allow":["GET"]}}],"collection":[{"href":"https:\/\/daritrane.com\/en\/wp-json\/wp\/v2\/pages"}],"about":[{"href":"https:\/\/daritrane.com\/en\/wp-json\/wp\/v2\/types\/page"}],"author":[{"embeddable":true,"href":"https:\/\/daritrane.com\/en\/wp-json\/wp\/v2\/users\/1"}],"replies":[{"embeddable":true,"href":"https:\/\/daritrane.com\/en\/wp-json\/wp\/v2\/comments?post=2387"}],"version-history":[{"count":3,"href":"https:\/\/daritrane.com\/en\/wp-json\/wp\/v2\/pages\/2387\/revisions"}],"predecessor-version":[{"id":2466,"href":"https:\/\/daritrane.com\/en\/wp-json\/wp\/v2\/pages\/2387\/revisions\/2466"}],"wp:attachment":[{"href":"https:\/\/daritrane.com\/en\/wp-json\/wp\/v2\/media?parent=2387"}],"curies":[{"name":"wp","href":"https:\/\/api.w.org\/{rel}","templated":true}]}}